

{"id":8337,"date":"2025-07-07T18:35:50","date_gmt":"2025-07-07T22:35:50","guid":{"rendered":"https:\/\/abuelitocheese.com\/?post_type=product&#038;p=8337"},"modified":"2025-07-07T18:38:10","modified_gmt":"2025-07-07T22:38:10","slug":"gorditas-de-chicharron","status":"publish","type":"product","link":"https:\/\/abuelitocheese.com\/en\/productos\/gorditas-de-chicharron\/","title":{"rendered":"Gorditas de Chicharr\u00f3n"},"content":{"rendered":"<p data-start=\"1314\" data-end=\"1466\">La Gorditas de Chicharr\u00f3n de &#8220;El Abuelito&#8221; son suaves, solo calienta y prep\u00e1rala como m\u00e1s te guste. \u00a1Un cl\u00e1sico mexicano listo en minutos!<\/p>","protected":false},"excerpt":{"rendered":"<p>La Gorditas de Chicharr\u00f3n de &#8220;El Abuelito&#8221; son suaves, solo calienta y prep\u00e1rala como m\u00e1s te guste. \u00a1Un cl\u00e1sico mexicano listo en minutos!<\/p>","protected":false},"featured_media":8320,"template":"","meta":{"_acf_changed":false,"site-sidebar-layout":"default","site-content-layout":"","ast-site-content-layout":"default","site-content-style":"default","site-sidebar-style":"default","ast-global-header-display":"","ast-banner-title-visibility":"","ast-main-header-display":"","ast-hfb-above-header-display":"","ast-hfb-below-header-display":"","ast-hfb-mobile-header-display":"","site-post-title":"","ast-breadcrumbs-content":"","ast-featured-img":"","footer-sml-layout":"","theme-transparent-header-meta":"default","adv-header-id-meta":"","stick-header-meta":"","header-above-stick-meta":"","header-main-stick-meta":"","header-below-stick-meta":"","astra-migrate-meta-layouts":"set","ast-page-background-enabled":"default","ast-page-background-meta":{"desktop":{"background-color":"","background-image":"","background-repeat":"repeat","background-position":"center center","background-size":"auto","background-attachment":"scroll","background-type":"","background-media":"","overlay-type":"","overlay-color":"","overlay-opacity":"","overlay-gradient":""},"tablet":{"background-color":"","background-image":"","background-repeat":"repeat","background-position":"center center","background-size":"auto","background-attachment":"scroll","background-type":"","background-media":"","overlay-type":"","overlay-color":"","overlay-opacity":"","overlay-gradient":""},"mobile":{"background-color":"","background-image":"","background-repeat":"repeat","background-position":"center center","background-size":"auto","background-attachment":"scroll","background-type":"","background-media":"","overlay-type":"","overlay-color":"","overlay-opacity":"","overlay-gradient":""}},"ast-content-background-meta":{"desktop":{"background-color":"var(--ast-global-color-5)","background-image":"","background-repeat":"repeat","background-position":"center center","background-size":"auto","background-attachment":"scroll","background-type":"","background-media":"","overlay-type":"","overlay-color":"","overlay-opacity":"","overlay-gradient":""},"tablet":{"background-color":"var(--ast-global-color-5)","background-image":"","background-repeat":"repeat","background-position":"center center","background-size":"auto","background-attachment":"scroll","background-type":"","background-media":"","overlay-type":"","overlay-color":"","overlay-opacity":"","overlay-gradient":""},"mobile":{"background-color":"var(--ast-global-color-5)","background-image":"","background-repeat":"repeat","background-position":"center center","background-size":"auto","background-attachment":"scroll","background-type":"","background-media":"","overlay-type":"","overlay-color":"","overlay-opacity":"","overlay-gradient":""}}},"product_brand":[],"product_cat":[40],"product_tag":[],"class_list":{"0":"post-8337","1":"product","2":"type-product","3":"status-publish","4":"has-post-thumbnail","6":"product_cat-miscelaneos","7":"desktop-align-center","8":"tablet-align-center","9":"mobile-align-center","11":"first","12":"instock","13":"shipping-taxable","14":"purchasable","15":"product-type-variable","16":"wvs-archive-product-wrapper"},"acf":[],"yoast_head":"<!-- This site is optimized with the Yoast SEO plugin v27.6 - https:\/\/yoast.com\/product\/yoast-seo-wordpress\/ -->\n<title>Gorditas de Chicharr\u00f3n - El Abuelito Cheese<\/title>\n<meta name=\"robots\" content=\"index, follow, max-snippet:-1, max-image-preview:large, max-video-preview:-1\" \/>\n<link rel=\"canonical\" href=\"https:\/\/abuelitocheese.com\/en\/productos\/gorditas-de-chicharron\/\" \/>\n<meta property=\"og:locale\" content=\"en_US\" \/>\n<meta property=\"og:type\" content=\"article\" \/>\n<meta property=\"og:title\" content=\"Gorditas de Chicharr\u00f3n - El Abuelito Cheese\" \/>\n<meta property=\"og:description\" content=\"La Gorditas de Chicharr\u00f3n de &#8220;El Abuelito&#8221; son suaves, solo calienta y prep\u00e1rala como m\u00e1s te guste. \u00a1Un cl\u00e1sico mexicano listo en minutos!\" \/>\n<meta property=\"og:url\" content=\"https:\/\/abuelitocheese.com\/en\/productos\/gorditas-de-chicharron\/\" \/>\n<meta property=\"og:site_name\" content=\"El Abuelito Cheese\" \/>\n<meta property=\"article:modified_time\" content=\"2025-07-07T22:38:10+00:00\" \/>\n<meta property=\"og:image\" content=\"https:\/\/abuelitocheese.com\/wp-content\/uploads\/2025\/07\/Gorditas-de-Chicharron-15oz.png\" \/>\n\t<meta property=\"og:image:width\" content=\"1\" \/>\n\t<meta property=\"og:image:height\" content=\"1\" \/>\n\t<meta property=\"og:image:type\" content=\"image\/png\" \/>\n<meta name=\"twitter:card\" content=\"summary_large_image\" \/>\n<meta name=\"twitter:label1\" content=\"Est. reading time\" \/>\n\t<meta name=\"twitter:data1\" content=\"1 minute\" \/>\n<script type=\"application\/ld+json\" class=\"yoast-schema-graph\">{\"@context\":\"https:\\\/\\\/schema.org\",\"@graph\":[{\"@type\":\"WebPage\",\"@id\":\"https:\\\/\\\/abuelitocheese.com\\\/productos\\\/gorditas-de-chicharron\\\/\",\"url\":\"https:\\\/\\\/abuelitocheese.com\\\/productos\\\/gorditas-de-chicharron\\\/\",\"name\":\"Gorditas de Chicharr\u00f3n - El Abuelito Cheese\",\"isPartOf\":{\"@id\":\"https:\\\/\\\/abuelitocheese.com\\\/en\\\/#website\"},\"primaryImageOfPage\":{\"@id\":\"https:\\\/\\\/abuelitocheese.com\\\/productos\\\/gorditas-de-chicharron\\\/#primaryimage\"},\"image\":{\"@id\":\"https:\\\/\\\/abuelitocheese.com\\\/productos\\\/gorditas-de-chicharron\\\/#primaryimage\"},\"thumbnailUrl\":\"https:\\\/\\\/abuelitocheese.com\\\/wp-content\\\/uploads\\\/2025\\\/07\\\/Gorditas-de-Chicharron-15oz.png\",\"datePublished\":\"2025-07-07T22:35:50+00:00\",\"dateModified\":\"2025-07-07T22:38:10+00:00\",\"breadcrumb\":{\"@id\":\"https:\\\/\\\/abuelitocheese.com\\\/productos\\\/gorditas-de-chicharron\\\/#breadcrumb\"},\"inLanguage\":\"en-US\",\"potentialAction\":[{\"@type\":\"ReadAction\",\"target\":[\"https:\\\/\\\/abuelitocheese.com\\\/productos\\\/gorditas-de-chicharron\\\/\"]}]},{\"@type\":\"ImageObject\",\"inLanguage\":\"en-US\",\"@id\":\"https:\\\/\\\/abuelitocheese.com\\\/productos\\\/gorditas-de-chicharron\\\/#primaryimage\",\"url\":\"https:\\\/\\\/abuelitocheese.com\\\/wp-content\\\/uploads\\\/2025\\\/07\\\/Gorditas-de-Chicharron-15oz.png\",\"contentUrl\":\"https:\\\/\\\/abuelitocheese.com\\\/wp-content\\\/uploads\\\/2025\\\/07\\\/Gorditas-de-Chicharron-15oz.png\"},{\"@type\":\"BreadcrumbList\",\"@id\":\"https:\\\/\\\/abuelitocheese.com\\\/productos\\\/gorditas-de-chicharron\\\/#breadcrumb\",\"itemListElement\":[{\"@type\":\"ListItem\",\"position\":1,\"name\":\"Portada\",\"item\":\"https:\\\/\\\/abuelitocheese.com\\\/en\\\/\"},{\"@type\":\"ListItem\",\"position\":2,\"name\":\"Productos\",\"item\":\"https:\\\/\\\/abuelitocheese.com\\\/en\\\/productos\\\/\"},{\"@type\":\"ListItem\",\"position\":3,\"name\":\"Gorditas de Chicharr\u00f3n\"}]},{\"@type\":\"WebSite\",\"@id\":\"https:\\\/\\\/abuelitocheese.com\\\/en\\\/#website\",\"url\":\"https:\\\/\\\/abuelitocheese.com\\\/en\\\/\",\"name\":\"El Abuelito Cheese\",\"description\":\"\",\"publisher\":{\"@id\":\"https:\\\/\\\/abuelitocheese.com\\\/en\\\/#organization\"},\"potentialAction\":[{\"@type\":\"SearchAction\",\"target\":{\"@type\":\"EntryPoint\",\"urlTemplate\":\"https:\\\/\\\/abuelitocheese.com\\\/en\\\/?s={search_term_string}\"},\"query-input\":{\"@type\":\"PropertyValueSpecification\",\"valueRequired\":true,\"valueName\":\"search_term_string\"}}],\"inLanguage\":\"en-US\"},{\"@type\":\"Organization\",\"@id\":\"https:\\\/\\\/abuelitocheese.com\\\/en\\\/#organization\",\"name\":\"El Abuelito Cheese\",\"url\":\"https:\\\/\\\/abuelitocheese.com\\\/en\\\/\",\"logo\":{\"@type\":\"ImageObject\",\"inLanguage\":\"en-US\",\"@id\":\"https:\\\/\\\/abuelitocheese.com\\\/en\\\/#\\\/schema\\\/logo\\\/image\\\/\",\"url\":\"https:\\\/\\\/abuelitocheese.com\\\/wp-content\\\/uploads\\\/2024\\\/01\\\/abuelito-logo.png\",\"contentUrl\":\"https:\\\/\\\/abuelitocheese.com\\\/wp-content\\\/uploads\\\/2024\\\/01\\\/abuelito-logo.png\",\"width\":618,\"height\":244,\"caption\":\"El Abuelito Cheese\"},\"image\":{\"@id\":\"https:\\\/\\\/abuelitocheese.com\\\/en\\\/#\\\/schema\\\/logo\\\/image\\\/\"}}]}<\/script>\n<!-- \/ Yoast SEO plugin. -->","yoast_head_json":{"title":"Gorditas de Chicharr\u00f3n - El Abuelito Cheese","robots":{"index":"index","follow":"follow","max-snippet":"max-snippet:-1","max-image-preview":"max-image-preview:large","max-video-preview":"max-video-preview:-1"},"canonical":"https:\/\/abuelitocheese.com\/en\/productos\/gorditas-de-chicharron\/","og_locale":"en_US","og_type":"article","og_title":"Gorditas de Chicharr\u00f3n - El Abuelito Cheese","og_description":"La Gorditas de Chicharr\u00f3n de &#8220;El Abuelito&#8221; son suaves, solo calienta y prep\u00e1rala como m\u00e1s te guste. \u00a1Un cl\u00e1sico mexicano listo en minutos!","og_url":"https:\/\/abuelitocheese.com\/en\/productos\/gorditas-de-chicharron\/","og_site_name":"El Abuelito Cheese","article_modified_time":"2025-07-07T22:38:10+00:00","og_image":[{"url":"https:\/\/abuelitocheese.com\/wp-content\/uploads\/2025\/07\/Gorditas-de-Chicharron-15oz.png","width":1,"height":1,"type":"image\/png"}],"twitter_card":"summary_large_image","twitter_misc":{"Est. reading time":"1 minute"},"schema":{"@context":"https:\/\/schema.org","@graph":[{"@type":"WebPage","@id":"https:\/\/abuelitocheese.com\/productos\/gorditas-de-chicharron\/","url":"https:\/\/abuelitocheese.com\/productos\/gorditas-de-chicharron\/","name":"Gorditas de Chicharr\u00f3n - El Abuelito Cheese","isPartOf":{"@id":"https:\/\/abuelitocheese.com\/en\/#website"},"primaryImageOfPage":{"@id":"https:\/\/abuelitocheese.com\/productos\/gorditas-de-chicharron\/#primaryimage"},"image":{"@id":"https:\/\/abuelitocheese.com\/productos\/gorditas-de-chicharron\/#primaryimage"},"thumbnailUrl":"https:\/\/abuelitocheese.com\/wp-content\/uploads\/2025\/07\/Gorditas-de-Chicharron-15oz.png","datePublished":"2025-07-07T22:35:50+00:00","dateModified":"2025-07-07T22:38:10+00:00","breadcrumb":{"@id":"https:\/\/abuelitocheese.com\/productos\/gorditas-de-chicharron\/#breadcrumb"},"inLanguage":"en-US","potentialAction":[{"@type":"ReadAction","target":["https:\/\/abuelitocheese.com\/productos\/gorditas-de-chicharron\/"]}]},{"@type":"ImageObject","inLanguage":"en-US","@id":"https:\/\/abuelitocheese.com\/productos\/gorditas-de-chicharron\/#primaryimage","url":"https:\/\/abuelitocheese.com\/wp-content\/uploads\/2025\/07\/Gorditas-de-Chicharron-15oz.png","contentUrl":"https:\/\/abuelitocheese.com\/wp-content\/uploads\/2025\/07\/Gorditas-de-Chicharron-15oz.png"},{"@type":"BreadcrumbList","@id":"https:\/\/abuelitocheese.com\/productos\/gorditas-de-chicharron\/#breadcrumb","itemListElement":[{"@type":"ListItem","position":1,"name":"Portada","item":"https:\/\/abuelitocheese.com\/en\/"},{"@type":"ListItem","position":2,"name":"Productos","item":"https:\/\/abuelitocheese.com\/en\/productos\/"},{"@type":"ListItem","position":3,"name":"Gorditas de Chicharr\u00f3n"}]},{"@type":"WebSite","@id":"https:\/\/abuelitocheese.com\/en\/#website","url":"https:\/\/abuelitocheese.com\/en\/","name":"El Abuelito Cheese","description":"","publisher":{"@id":"https:\/\/abuelitocheese.com\/en\/#organization"},"potentialAction":[{"@type":"SearchAction","target":{"@type":"EntryPoint","urlTemplate":"https:\/\/abuelitocheese.com\/en\/?s={search_term_string}"},"query-input":{"@type":"PropertyValueSpecification","valueRequired":true,"valueName":"search_term_string"}}],"inLanguage":"en-US"},{"@type":"Organization","@id":"https:\/\/abuelitocheese.com\/en\/#organization","name":"El Abuelito Cheese","url":"https:\/\/abuelitocheese.com\/en\/","logo":{"@type":"ImageObject","inLanguage":"en-US","@id":"https:\/\/abuelitocheese.com\/en\/#\/schema\/logo\/image\/","url":"https:\/\/abuelitocheese.com\/wp-content\/uploads\/2024\/01\/abuelito-logo.png","contentUrl":"https:\/\/abuelitocheese.com\/wp-content\/uploads\/2024\/01\/abuelito-logo.png","width":618,"height":244,"caption":"El Abuelito Cheese"},"image":{"@id":"https:\/\/abuelitocheese.com\/en\/#\/schema\/logo\/image\/"}}]}},"_links":{"self":[{"href":"https:\/\/abuelitocheese.com\/en\/wp-json\/wp\/v2\/product\/8337","targetHints":{"allow":["GET"]}}],"collection":[{"href":"https:\/\/abuelitocheese.com\/en\/wp-json\/wp\/v2\/product"}],"about":[{"href":"https:\/\/abuelitocheese.com\/en\/wp-json\/wp\/v2\/types\/product"}],"version-history":[{"count":1,"href":"https:\/\/abuelitocheese.com\/en\/wp-json\/wp\/v2\/product\/8337\/revisions"}],"predecessor-version":[{"id":8339,"href":"https:\/\/abuelitocheese.com\/en\/wp-json\/wp\/v2\/product\/8337\/revisions\/8339"}],"wp:featuredmedia":[{"embeddable":true,"href":"https:\/\/abuelitocheese.com\/en\/wp-json\/wp\/v2\/media\/8320"}],"wp:attachment":[{"href":"https:\/\/abuelitocheese.com\/en\/wp-json\/wp\/v2\/media?parent=8337"}],"wp:term":[{"taxonomy":"product_brand","embeddable":true,"href":"https:\/\/abuelitocheese.com\/en\/wp-json\/wp\/v2\/product_brand?post=8337"},{"taxonomy":"product_cat","embeddable":true,"href":"https:\/\/abuelitocheese.com\/en\/wp-json\/wp\/v2\/product_cat?post=8337"},{"taxonomy":"product_tag","embeddable":true,"href":"https:\/\/abuelitocheese.com\/en\/wp-json\/wp\/v2\/product_tag?post=8337"}],"curies":[{"name":"wp","href":"https:\/\/api.w.org\/{rel}","templated":true}]}}