

{"id":8318,"date":"2025-07-07T18:18:35","date_gmt":"2025-07-07T22:18:35","guid":{"rendered":"https:\/\/abuelitocheese.com\/?post_type=product&#038;p=8318"},"modified":"2025-07-10T14:19:44","modified_gmt":"2025-07-10T18:19:44","slug":"tlacoyos-de-frijol-con-queso","status":"publish","type":"product","link":"https:\/\/abuelitocheese.com\/en\/productos\/tlacoyos-de-frijol-con-queso\/","title":{"rendered":"Tlacoyos de Frijol con Queso"},"content":{"rendered":"<p data-start=\"467\" data-end=\"639\">Hechos con masa de ma\u00edz, rellenos de frijol y queso. Listos para calentar y acompa\u00f1ar con salsita y cebolla. Est\u00e1n listos para preparar en el comal y son ideales para una comida o cena con sabor 100% mexicano.<\/p>","protected":false},"excerpt":{"rendered":"<p>Hechos con masa de ma\u00edz, rellenos de frijol y queso. Listos para calentar y acompa\u00f1ar con salsita y cebolla. Est\u00e1n listos para preparar en el comal y son ideales para una comida o cena con sabor 100% mexicano.<\/p>","protected":false},"featured_media":8376,"template":"","meta":{"_acf_changed":false,"site-sidebar-layout":"default","site-content-layout":"","ast-site-content-layout":"default","site-content-style":"default","site-sidebar-style":"default","ast-global-header-display":"","ast-banner-title-visibility":"","ast-main-header-display":"","ast-hfb-above-header-display":"","ast-hfb-below-header-display":"","ast-hfb-mobile-header-display":"","site-post-title":"","ast-breadcrumbs-content":"","ast-featured-img":"","footer-sml-layout":"","theme-transparent-header-meta":"default","adv-header-id-meta":"","stick-header-meta":"","header-above-stick-meta":"","header-main-stick-meta":"","header-below-stick-meta":"","astra-migrate-meta-layouts":"set","ast-page-background-enabled":"default","ast-page-background-meta":{"desktop":{"background-color":"","background-image":"","background-repeat":"repeat","background-position":"center center","background-size":"auto","background-attachment":"scroll","background-type":"","background-media":"","overlay-type":"","overlay-color":"","overlay-opacity":"","overlay-gradient":""},"tablet":{"background-color":"","background-image":"","background-repeat":"repeat","background-position":"center center","background-size":"auto","background-attachment":"scroll","background-type":"","background-media":"","overlay-type":"","overlay-color":"","overlay-opacity":"","overlay-gradient":""},"mobile":{"background-color":"","background-image":"","background-repeat":"repeat","background-position":"center center","background-size":"auto","background-attachment":"scroll","background-type":"","background-media":"","overlay-type":"","overlay-color":"","overlay-opacity":"","overlay-gradient":""}},"ast-content-background-meta":{"desktop":{"background-color":"var(--ast-global-color-5)","background-image":"","background-repeat":"repeat","background-position":"center center","background-size":"auto","background-attachment":"scroll","background-type":"","background-media":"","overlay-type":"","overlay-color":"","overlay-opacity":"","overlay-gradient":""},"tablet":{"background-color":"var(--ast-global-color-5)","background-image":"","background-repeat":"repeat","background-position":"center center","background-size":"auto","background-attachment":"scroll","background-type":"","background-media":"","overlay-type":"","overlay-color":"","overlay-opacity":"","overlay-gradient":""},"mobile":{"background-color":"var(--ast-global-color-5)","background-image":"","background-repeat":"repeat","background-position":"center center","background-size":"auto","background-attachment":"scroll","background-type":"","background-media":"","overlay-type":"","overlay-color":"","overlay-opacity":"","overlay-gradient":""}}},"product_brand":[],"product_cat":[40],"product_tag":[],"class_list":{"0":"post-8318","1":"product","2":"type-product","3":"status-publish","4":"has-post-thumbnail","6":"product_cat-miscelaneos","7":"desktop-align-center","8":"tablet-align-center","9":"mobile-align-center","11":"first","12":"instock","13":"shipping-taxable","14":"purchasable","15":"product-type-variable","16":"wvs-archive-product-wrapper"},"acf":[],"yoast_head":"<!-- This site is optimized with the Yoast SEO plugin v27.4 - https:\/\/yoast.com\/product\/yoast-seo-wordpress\/ -->\n<title>Tlacoyos de Frijol con Queso - El Abuelito Cheese<\/title>\n<meta name=\"robots\" content=\"index, follow, max-snippet:-1, max-image-preview:large, max-video-preview:-1\" \/>\n<link rel=\"canonical\" href=\"https:\/\/abuelitocheese.com\/en\/productos\/tlacoyos-de-frijol-con-queso\/\" \/>\n<meta property=\"og:locale\" content=\"en_US\" \/>\n<meta property=\"og:type\" content=\"article\" \/>\n<meta property=\"og:title\" content=\"Tlacoyos de Frijol con Queso - El Abuelito Cheese\" \/>\n<meta property=\"og:description\" content=\"Hechos con masa de ma\u00edz, rellenos de frijol y queso. Listos para calentar y acompa\u00f1ar con salsita y cebolla. Est\u00e1n listos para preparar en el comal y son ideales para una comida o cena con sabor 100% mexicano.\" \/>\n<meta property=\"og:url\" content=\"https:\/\/abuelitocheese.com\/en\/productos\/tlacoyos-de-frijol-con-queso\/\" \/>\n<meta property=\"og:site_name\" content=\"El Abuelito Cheese\" \/>\n<meta property=\"article:modified_time\" content=\"2025-07-10T18:19:44+00:00\" \/>\n<meta property=\"og:image\" content=\"https:\/\/abuelitocheese.com\/wp-content\/uploads\/2025\/07\/Tlacoyos-de-frijol-con-queso-1-scaled.png\" \/>\n\t<meta property=\"og:image:width\" content=\"2560\" \/>\n\t<meta property=\"og:image:height\" content=\"2429\" \/>\n\t<meta property=\"og:image:type\" content=\"image\/png\" \/>\n<meta name=\"twitter:card\" content=\"summary_large_image\" \/>\n<meta name=\"twitter:label1\" content=\"Est. reading time\" \/>\n\t<meta name=\"twitter:data1\" content=\"1 minute\" \/>\n<script type=\"application\/ld+json\" class=\"yoast-schema-graph\">{\"@context\":\"https:\\\/\\\/schema.org\",\"@graph\":[{\"@type\":\"WebPage\",\"@id\":\"https:\\\/\\\/abuelitocheese.com\\\/en\\\/productos\\\/tlacoyos-de-frijol-con-queso\\\/\",\"url\":\"https:\\\/\\\/abuelitocheese.com\\\/en\\\/productos\\\/tlacoyos-de-frijol-con-queso\\\/\",\"name\":\"Tlacoyos de Frijol con Queso - El Abuelito Cheese\",\"isPartOf\":{\"@id\":\"http:\\\/\\\/abuelitocheese.com\\\/#website\"},\"primaryImageOfPage\":{\"@id\":\"https:\\\/\\\/abuelitocheese.com\\\/en\\\/productos\\\/tlacoyos-de-frijol-con-queso\\\/#primaryimage\"},\"image\":{\"@id\":\"https:\\\/\\\/abuelitocheese.com\\\/en\\\/productos\\\/tlacoyos-de-frijol-con-queso\\\/#primaryimage\"},\"thumbnailUrl\":\"https:\\\/\\\/abuelitocheese.com\\\/wp-content\\\/uploads\\\/2025\\\/07\\\/Tlacoyos-de-frijol-con-queso-1-scaled.png\",\"datePublished\":\"2025-07-07T22:18:35+00:00\",\"dateModified\":\"2025-07-10T18:19:44+00:00\",\"breadcrumb\":{\"@id\":\"https:\\\/\\\/abuelitocheese.com\\\/en\\\/productos\\\/tlacoyos-de-frijol-con-queso\\\/#breadcrumb\"},\"inLanguage\":\"en-US\",\"potentialAction\":[{\"@type\":\"ReadAction\",\"target\":[\"https:\\\/\\\/abuelitocheese.com\\\/en\\\/productos\\\/tlacoyos-de-frijol-con-queso\\\/\"]}]},{\"@type\":\"ImageObject\",\"inLanguage\":\"en-US\",\"@id\":\"https:\\\/\\\/abuelitocheese.com\\\/en\\\/productos\\\/tlacoyos-de-frijol-con-queso\\\/#primaryimage\",\"url\":\"https:\\\/\\\/abuelitocheese.com\\\/wp-content\\\/uploads\\\/2025\\\/07\\\/Tlacoyos-de-frijol-con-queso-1-scaled.png\",\"contentUrl\":\"https:\\\/\\\/abuelitocheese.com\\\/wp-content\\\/uploads\\\/2025\\\/07\\\/Tlacoyos-de-frijol-con-queso-1-scaled.png\",\"width\":2560,\"height\":2429},{\"@type\":\"BreadcrumbList\",\"@id\":\"https:\\\/\\\/abuelitocheese.com\\\/en\\\/productos\\\/tlacoyos-de-frijol-con-queso\\\/#breadcrumb\",\"itemListElement\":[{\"@type\":\"ListItem\",\"position\":1,\"name\":\"Portada\",\"item\":\"https:\\\/\\\/abuelitocheese.com\\\/\"},{\"@type\":\"ListItem\",\"position\":2,\"name\":\"Productos\",\"item\":\"https:\\\/\\\/abuelitocheese.com\\\/productos\\\/\"},{\"@type\":\"ListItem\",\"position\":3,\"name\":\"Tlacoyos de Frijol con Queso\"}]},{\"@type\":\"WebSite\",\"@id\":\"http:\\\/\\\/abuelitocheese.com\\\/#website\",\"url\":\"http:\\\/\\\/abuelitocheese.com\\\/\",\"name\":\"El Abuelito Cheese\",\"description\":\"\",\"publisher\":{\"@id\":\"http:\\\/\\\/abuelitocheese.com\\\/#organization\"},\"potentialAction\":[{\"@type\":\"SearchAction\",\"target\":{\"@type\":\"EntryPoint\",\"urlTemplate\":\"http:\\\/\\\/abuelitocheese.com\\\/?s={search_term_string}\"},\"query-input\":{\"@type\":\"PropertyValueSpecification\",\"valueRequired\":true,\"valueName\":\"search_term_string\"}}],\"inLanguage\":\"en-US\"},{\"@type\":\"Organization\",\"@id\":\"http:\\\/\\\/abuelitocheese.com\\\/#organization\",\"name\":\"El Abuelito Cheese\",\"url\":\"http:\\\/\\\/abuelitocheese.com\\\/\",\"logo\":{\"@type\":\"ImageObject\",\"inLanguage\":\"en-US\",\"@id\":\"http:\\\/\\\/abuelitocheese.com\\\/#\\\/schema\\\/logo\\\/image\\\/\",\"url\":\"https:\\\/\\\/abuelitocheese.com\\\/wp-content\\\/uploads\\\/2024\\\/01\\\/abuelito-logo.png\",\"contentUrl\":\"https:\\\/\\\/abuelitocheese.com\\\/wp-content\\\/uploads\\\/2024\\\/01\\\/abuelito-logo.png\",\"width\":618,\"height\":244,\"caption\":\"El Abuelito Cheese\"},\"image\":{\"@id\":\"http:\\\/\\\/abuelitocheese.com\\\/#\\\/schema\\\/logo\\\/image\\\/\"}}]}<\/script>\n<!-- \/ Yoast SEO plugin. -->","yoast_head_json":{"title":"Tlacoyos de Frijol con Queso - El Abuelito Cheese","robots":{"index":"index","follow":"follow","max-snippet":"max-snippet:-1","max-image-preview":"max-image-preview:large","max-video-preview":"max-video-preview:-1"},"canonical":"https:\/\/abuelitocheese.com\/en\/productos\/tlacoyos-de-frijol-con-queso\/","og_locale":"en_US","og_type":"article","og_title":"Tlacoyos de Frijol con Queso - El Abuelito Cheese","og_description":"Hechos con masa de ma\u00edz, rellenos de frijol y queso. Listos para calentar y acompa\u00f1ar con salsita y cebolla. Est\u00e1n listos para preparar en el comal y son ideales para una comida o cena con sabor 100% mexicano.","og_url":"https:\/\/abuelitocheese.com\/en\/productos\/tlacoyos-de-frijol-con-queso\/","og_site_name":"El Abuelito Cheese","article_modified_time":"2025-07-10T18:19:44+00:00","og_image":[{"width":2560,"height":2429,"url":"https:\/\/abuelitocheese.com\/wp-content\/uploads\/2025\/07\/Tlacoyos-de-frijol-con-queso-1-scaled.png","type":"image\/png"}],"twitter_card":"summary_large_image","twitter_misc":{"Est. reading time":"1 minute"},"schema":{"@context":"https:\/\/schema.org","@graph":[{"@type":"WebPage","@id":"https:\/\/abuelitocheese.com\/en\/productos\/tlacoyos-de-frijol-con-queso\/","url":"https:\/\/abuelitocheese.com\/en\/productos\/tlacoyos-de-frijol-con-queso\/","name":"Tlacoyos de Frijol con Queso - El Abuelito Cheese","isPartOf":{"@id":"http:\/\/abuelitocheese.com\/#website"},"primaryImageOfPage":{"@id":"https:\/\/abuelitocheese.com\/en\/productos\/tlacoyos-de-frijol-con-queso\/#primaryimage"},"image":{"@id":"https:\/\/abuelitocheese.com\/en\/productos\/tlacoyos-de-frijol-con-queso\/#primaryimage"},"thumbnailUrl":"https:\/\/abuelitocheese.com\/wp-content\/uploads\/2025\/07\/Tlacoyos-de-frijol-con-queso-1-scaled.png","datePublished":"2025-07-07T22:18:35+00:00","dateModified":"2025-07-10T18:19:44+00:00","breadcrumb":{"@id":"https:\/\/abuelitocheese.com\/en\/productos\/tlacoyos-de-frijol-con-queso\/#breadcrumb"},"inLanguage":"en-US","potentialAction":[{"@type":"ReadAction","target":["https:\/\/abuelitocheese.com\/en\/productos\/tlacoyos-de-frijol-con-queso\/"]}]},{"@type":"ImageObject","inLanguage":"en-US","@id":"https:\/\/abuelitocheese.com\/en\/productos\/tlacoyos-de-frijol-con-queso\/#primaryimage","url":"https:\/\/abuelitocheese.com\/wp-content\/uploads\/2025\/07\/Tlacoyos-de-frijol-con-queso-1-scaled.png","contentUrl":"https:\/\/abuelitocheese.com\/wp-content\/uploads\/2025\/07\/Tlacoyos-de-frijol-con-queso-1-scaled.png","width":2560,"height":2429},{"@type":"BreadcrumbList","@id":"https:\/\/abuelitocheese.com\/en\/productos\/tlacoyos-de-frijol-con-queso\/#breadcrumb","itemListElement":[{"@type":"ListItem","position":1,"name":"Portada","item":"https:\/\/abuelitocheese.com\/"},{"@type":"ListItem","position":2,"name":"Productos","item":"https:\/\/abuelitocheese.com\/productos\/"},{"@type":"ListItem","position":3,"name":"Tlacoyos de Frijol con Queso"}]},{"@type":"WebSite","@id":"http:\/\/abuelitocheese.com\/#website","url":"http:\/\/abuelitocheese.com\/","name":"El Abuelito Cheese","description":"","publisher":{"@id":"http:\/\/abuelitocheese.com\/#organization"},"potentialAction":[{"@type":"SearchAction","target":{"@type":"EntryPoint","urlTemplate":"http:\/\/abuelitocheese.com\/?s={search_term_string}"},"query-input":{"@type":"PropertyValueSpecification","valueRequired":true,"valueName":"search_term_string"}}],"inLanguage":"en-US"},{"@type":"Organization","@id":"http:\/\/abuelitocheese.com\/#organization","name":"El Abuelito Cheese","url":"http:\/\/abuelitocheese.com\/","logo":{"@type":"ImageObject","inLanguage":"en-US","@id":"http:\/\/abuelitocheese.com\/#\/schema\/logo\/image\/","url":"https:\/\/abuelitocheese.com\/wp-content\/uploads\/2024\/01\/abuelito-logo.png","contentUrl":"https:\/\/abuelitocheese.com\/wp-content\/uploads\/2024\/01\/abuelito-logo.png","width":618,"height":244,"caption":"El Abuelito Cheese"},"image":{"@id":"http:\/\/abuelitocheese.com\/#\/schema\/logo\/image\/"}}]}},"_links":{"self":[{"href":"https:\/\/abuelitocheese.com\/en\/wp-json\/wp\/v2\/product\/8318","targetHints":{"allow":["GET"]}}],"collection":[{"href":"https:\/\/abuelitocheese.com\/en\/wp-json\/wp\/v2\/product"}],"about":[{"href":"https:\/\/abuelitocheese.com\/en\/wp-json\/wp\/v2\/types\/product"}],"version-history":[{"count":2,"href":"https:\/\/abuelitocheese.com\/en\/wp-json\/wp\/v2\/product\/8318\/revisions"}],"predecessor-version":[{"id":8347,"href":"https:\/\/abuelitocheese.com\/en\/wp-json\/wp\/v2\/product\/8318\/revisions\/8347"}],"wp:featuredmedia":[{"embeddable":true,"href":"https:\/\/abuelitocheese.com\/en\/wp-json\/wp\/v2\/media\/8376"}],"wp:attachment":[{"href":"https:\/\/abuelitocheese.com\/en\/wp-json\/wp\/v2\/media?parent=8318"}],"wp:term":[{"taxonomy":"product_brand","embeddable":true,"href":"https:\/\/abuelitocheese.com\/en\/wp-json\/wp\/v2\/product_brand?post=8318"},{"taxonomy":"product_cat","embeddable":true,"href":"https:\/\/abuelitocheese.com\/en\/wp-json\/wp\/v2\/product_cat?post=8318"},{"taxonomy":"product_tag","embeddable":true,"href":"https:\/\/abuelitocheese.com\/en\/wp-json\/wp\/v2\/product_tag?post=8318"}],"curies":[{"name":"wp","href":"https:\/\/api.w.org\/{rel}","templated":true}]}}