

{"id":6043,"date":"2024-03-20T17:18:18","date_gmt":"2024-03-20T17:18:18","guid":{"rendered":"https:\/\/abuelitocheese.com\/product\/carne-enchilada-seasoned-pork-30-14-oz-el-abuelito\/"},"modified":"2025-07-21T16:42:17","modified_gmt":"2025-07-21T20:42:17","slug":"carne-enchilada-seasoned-pork","status":"publish","type":"product","link":"https:\/\/abuelitocheese.com\/en\/productos\/carne-enchilada-seasoned-pork\/","title":{"rendered":"Carne Enchilada\/Seasoned Pork El Abuelito"},"content":{"rendered":"<p>Sliced pork steak seasoned with a mix of spices and chiles. It is an excellent choice for tacos, or served in a colorful dish with rice and beans.<\/p>","protected":false},"excerpt":{"rendered":"<p>&nbsp;<\/p>\n<table width=\"565\">\n<tbody>\n<tr>\n<td width=\"139\">14 oz<\/td>\n<td width=\"134\">5 lbs<\/td>\n<td width=\"154\">10 lbs<\/td>\n<\/tr>\n<tr>\n<td>Units per box: 30<\/td>\n<td>Units per box: 4<\/td>\n<td>Units per box: 2<\/td>\n<\/tr>\n<tr>\n<td>Fecha de caducidad: 40 d\u00edas<\/td>\n<td>Fecha de caducidad: 20 d\u00edas<\/td>\n<td>Fecha de caducidad: 20 d\u00edas<\/td>\n<\/tr>\n<\/tbody>\n<\/table>","protected":false},"featured_media":8144,"template":"","meta":{"_acf_changed":false,"site-sidebar-layout":"default","site-content-layout":"","ast-site-content-layout":"default","site-content-style":"default","site-sidebar-style":"default","ast-global-header-display":"","ast-banner-title-visibility":"","ast-main-header-display":"","ast-hfb-above-header-display":"","ast-hfb-below-header-display":"","ast-hfb-mobile-header-display":"","site-post-title":"","ast-breadcrumbs-content":"","ast-featured-img":"","footer-sml-layout":"","theme-transparent-header-meta":"default","adv-header-id-meta":"","stick-header-meta":"","header-above-stick-meta":"","header-main-stick-meta":"","header-below-stick-meta":"","astra-migrate-meta-layouts":"set","ast-page-background-enabled":"default","ast-page-background-meta":{"desktop":{"background-color":"","background-image":"","background-repeat":"repeat","background-position":"center center","background-size":"auto","background-attachment":"scroll","background-type":"","background-media":"","overlay-type":"","overlay-color":"","overlay-opacity":"","overlay-gradient":""},"tablet":{"background-color":"","background-image":"","background-repeat":"repeat","background-position":"center center","background-size":"auto","background-attachment":"scroll","background-type":"","background-media":"","overlay-type":"","overlay-color":"","overlay-opacity":"","overlay-gradient":""},"mobile":{"background-color":"","background-image":"","background-repeat":"repeat","background-position":"center center","background-size":"auto","background-attachment":"scroll","background-type":"","background-media":"","overlay-type":"","overlay-color":"","overlay-opacity":"","overlay-gradient":""}},"ast-content-background-meta":{"desktop":{"background-color":"var(--ast-global-color-5)","background-image":"","background-repeat":"repeat","background-position":"center center","background-size":"auto","background-attachment":"scroll","background-type":"","background-media":"","overlay-type":"","overlay-color":"","overlay-opacity":"","overlay-gradient":""},"tablet":{"background-color":"var(--ast-global-color-5)","background-image":"","background-repeat":"repeat","background-position":"center center","background-size":"auto","background-attachment":"scroll","background-type":"","background-media":"","overlay-type":"","overlay-color":"","overlay-opacity":"","overlay-gradient":""},"mobile":{"background-color":"var(--ast-global-color-5)","background-image":"","background-repeat":"repeat","background-position":"center center","background-size":"auto","background-attachment":"scroll","background-type":"","background-media":"","overlay-type":"","overlay-color":"","overlay-opacity":"","overlay-gradient":""}}},"product_brand":[],"product_cat":[43],"product_tag":[],"class_list":{"0":"post-6043","1":"product","2":"type-product","3":"status-publish","4":"has-post-thumbnail","6":"product_cat-carnes","7":"desktop-align-center","8":"tablet-align-center","9":"mobile-align-center","11":"first","12":"instock","13":"shipping-taxable","14":"purchasable","15":"product-type-variable","16":"wvs-archive-product-wrapper"},"acf":[],"yoast_head":"<!-- This site is optimized with the Yoast SEO plugin v27.4 - https:\/\/yoast.com\/product\/yoast-seo-wordpress\/ -->\n<title>Carne Enchilada\/Seasoned Pork El Abuelito - El Abuelito Cheese<\/title>\n<meta name=\"robots\" content=\"index, follow, max-snippet:-1, max-image-preview:large, max-video-preview:-1\" \/>\n<link rel=\"canonical\" href=\"https:\/\/abuelitocheese.com\/en\/productos\/carne-enchilada-seasoned-pork\/\" \/>\n<meta property=\"og:locale\" content=\"en_US\" \/>\n<meta property=\"og:type\" content=\"article\" \/>\n<meta property=\"og:title\" content=\"Carne Enchilada\/Seasoned Pork El Abuelito - El Abuelito Cheese\" \/>\n<meta property=\"og:description\" content=\"&nbsp;    14 oz 5 lbs 10 lbs   Unidades por caja: 30 Unidades por caja: 4 Unidades por caja: 2   Fecha de caducidad: 40 d\u00edas Fecha de caducidad: 20 d\u00edas Fecha de caducidad: 20 d\u00edas\" \/>\n<meta property=\"og:url\" content=\"https:\/\/abuelitocheese.com\/en\/productos\/carne-enchilada-seasoned-pork\/\" \/>\n<meta property=\"og:site_name\" content=\"El Abuelito Cheese\" \/>\n<meta property=\"article:modified_time\" content=\"2025-07-21T20:42:17+00:00\" \/>\n<meta property=\"og:image\" content=\"https:\/\/abuelitocheese.com\/wp-content\/uploads\/2024\/03\/Carne-Enchilada-14oz.png\" \/>\n\t<meta property=\"og:image:width\" content=\"1\" \/>\n\t<meta property=\"og:image:height\" content=\"1\" \/>\n\t<meta property=\"og:image:type\" content=\"image\/png\" \/>\n<meta name=\"twitter:card\" content=\"summary_large_image\" \/>\n<meta name=\"twitter:label1\" content=\"Est. reading time\" \/>\n\t<meta name=\"twitter:data1\" content=\"1 minute\" \/>\n<script type=\"application\/ld+json\" class=\"yoast-schema-graph\">{\"@context\":\"https:\\\/\\\/schema.org\",\"@graph\":[{\"@type\":\"WebPage\",\"@id\":\"https:\\\/\\\/abuelitocheese.com\\\/en\\\/productos\\\/carne-enchilada-seasoned-pork\\\/\",\"url\":\"https:\\\/\\\/abuelitocheese.com\\\/en\\\/productos\\\/carne-enchilada-seasoned-pork\\\/\",\"name\":\"Carne Enchilada\\\/Seasoned Pork El Abuelito - El Abuelito Cheese\",\"isPartOf\":{\"@id\":\"http:\\\/\\\/abuelitocheese.com\\\/#website\"},\"primaryImageOfPage\":{\"@id\":\"https:\\\/\\\/abuelitocheese.com\\\/en\\\/productos\\\/carne-enchilada-seasoned-pork\\\/#primaryimage\"},\"image\":{\"@id\":\"https:\\\/\\\/abuelitocheese.com\\\/en\\\/productos\\\/carne-enchilada-seasoned-pork\\\/#primaryimage\"},\"thumbnailUrl\":\"https:\\\/\\\/abuelitocheese.com\\\/wp-content\\\/uploads\\\/2024\\\/03\\\/Carne-Enchilada-14oz.png\",\"datePublished\":\"2024-03-20T17:18:18+00:00\",\"dateModified\":\"2025-07-21T20:42:17+00:00\",\"breadcrumb\":{\"@id\":\"https:\\\/\\\/abuelitocheese.com\\\/en\\\/productos\\\/carne-enchilada-seasoned-pork\\\/#breadcrumb\"},\"inLanguage\":\"en-US\",\"potentialAction\":[{\"@type\":\"ReadAction\",\"target\":[\"https:\\\/\\\/abuelitocheese.com\\\/en\\\/productos\\\/carne-enchilada-seasoned-pork\\\/\"]}]},{\"@type\":\"ImageObject\",\"inLanguage\":\"en-US\",\"@id\":\"https:\\\/\\\/abuelitocheese.com\\\/en\\\/productos\\\/carne-enchilada-seasoned-pork\\\/#primaryimage\",\"url\":\"https:\\\/\\\/abuelitocheese.com\\\/wp-content\\\/uploads\\\/2024\\\/03\\\/Carne-Enchilada-14oz.png\",\"contentUrl\":\"https:\\\/\\\/abuelitocheese.com\\\/wp-content\\\/uploads\\\/2024\\\/03\\\/Carne-Enchilada-14oz.png\"},{\"@type\":\"BreadcrumbList\",\"@id\":\"https:\\\/\\\/abuelitocheese.com\\\/en\\\/productos\\\/carne-enchilada-seasoned-pork\\\/#breadcrumb\",\"itemListElement\":[{\"@type\":\"ListItem\",\"position\":1,\"name\":\"Portada\",\"item\":\"https:\\\/\\\/abuelitocheese.com\\\/\"},{\"@type\":\"ListItem\",\"position\":2,\"name\":\"Productos\",\"item\":\"https:\\\/\\\/abuelitocheese.com\\\/productos\\\/\"},{\"@type\":\"ListItem\",\"position\":3,\"name\":\"Carne Enchilada\\\/Seasoned Pork El Abuelito\"}]},{\"@type\":\"WebSite\",\"@id\":\"http:\\\/\\\/abuelitocheese.com\\\/#website\",\"url\":\"http:\\\/\\\/abuelitocheese.com\\\/\",\"name\":\"El Abuelito Cheese\",\"description\":\"\",\"publisher\":{\"@id\":\"http:\\\/\\\/abuelitocheese.com\\\/#organization\"},\"potentialAction\":[{\"@type\":\"SearchAction\",\"target\":{\"@type\":\"EntryPoint\",\"urlTemplate\":\"http:\\\/\\\/abuelitocheese.com\\\/?s={search_term_string}\"},\"query-input\":{\"@type\":\"PropertyValueSpecification\",\"valueRequired\":true,\"valueName\":\"search_term_string\"}}],\"inLanguage\":\"en-US\"},{\"@type\":\"Organization\",\"@id\":\"http:\\\/\\\/abuelitocheese.com\\\/#organization\",\"name\":\"El Abuelito Cheese\",\"url\":\"http:\\\/\\\/abuelitocheese.com\\\/\",\"logo\":{\"@type\":\"ImageObject\",\"inLanguage\":\"en-US\",\"@id\":\"http:\\\/\\\/abuelitocheese.com\\\/#\\\/schema\\\/logo\\\/image\\\/\",\"url\":\"https:\\\/\\\/abuelitocheese.com\\\/wp-content\\\/uploads\\\/2024\\\/01\\\/abuelito-logo.png\",\"contentUrl\":\"https:\\\/\\\/abuelitocheese.com\\\/wp-content\\\/uploads\\\/2024\\\/01\\\/abuelito-logo.png\",\"width\":618,\"height\":244,\"caption\":\"El Abuelito Cheese\"},\"image\":{\"@id\":\"http:\\\/\\\/abuelitocheese.com\\\/#\\\/schema\\\/logo\\\/image\\\/\"}}]}<\/script>\n<!-- \/ Yoast SEO plugin. -->","yoast_head_json":{"title":"Carne Enchilada\/Seasoned Pork El Abuelito - El Abuelito Cheese","robots":{"index":"index","follow":"follow","max-snippet":"max-snippet:-1","max-image-preview":"max-image-preview:large","max-video-preview":"max-video-preview:-1"},"canonical":"https:\/\/abuelitocheese.com\/en\/productos\/carne-enchilada-seasoned-pork\/","og_locale":"en_US","og_type":"article","og_title":"Carne Enchilada\/Seasoned Pork El Abuelito - El Abuelito Cheese","og_description":"&nbsp;    14 oz 5 lbs 10 lbs   Unidades por caja: 30 Unidades por caja: 4 Unidades por caja: 2   Fecha de caducidad: 40 d\u00edas Fecha de caducidad: 20 d\u00edas Fecha de caducidad: 20 d\u00edas","og_url":"https:\/\/abuelitocheese.com\/en\/productos\/carne-enchilada-seasoned-pork\/","og_site_name":"El Abuelito Cheese","article_modified_time":"2025-07-21T20:42:17+00:00","og_image":[{"url":"https:\/\/abuelitocheese.com\/wp-content\/uploads\/2024\/03\/Carne-Enchilada-14oz.png","width":1,"height":1,"type":"image\/png"}],"twitter_card":"summary_large_image","twitter_misc":{"Est. reading time":"1 minute"},"schema":{"@context":"https:\/\/schema.org","@graph":[{"@type":"WebPage","@id":"https:\/\/abuelitocheese.com\/en\/productos\/carne-enchilada-seasoned-pork\/","url":"https:\/\/abuelitocheese.com\/en\/productos\/carne-enchilada-seasoned-pork\/","name":"Carne Enchilada\/Seasoned Pork El Abuelito - El Abuelito Cheese","isPartOf":{"@id":"http:\/\/abuelitocheese.com\/#website"},"primaryImageOfPage":{"@id":"https:\/\/abuelitocheese.com\/en\/productos\/carne-enchilada-seasoned-pork\/#primaryimage"},"image":{"@id":"https:\/\/abuelitocheese.com\/en\/productos\/carne-enchilada-seasoned-pork\/#primaryimage"},"thumbnailUrl":"https:\/\/abuelitocheese.com\/wp-content\/uploads\/2024\/03\/Carne-Enchilada-14oz.png","datePublished":"2024-03-20T17:18:18+00:00","dateModified":"2025-07-21T20:42:17+00:00","breadcrumb":{"@id":"https:\/\/abuelitocheese.com\/en\/productos\/carne-enchilada-seasoned-pork\/#breadcrumb"},"inLanguage":"en-US","potentialAction":[{"@type":"ReadAction","target":["https:\/\/abuelitocheese.com\/en\/productos\/carne-enchilada-seasoned-pork\/"]}]},{"@type":"ImageObject","inLanguage":"en-US","@id":"https:\/\/abuelitocheese.com\/en\/productos\/carne-enchilada-seasoned-pork\/#primaryimage","url":"https:\/\/abuelitocheese.com\/wp-content\/uploads\/2024\/03\/Carne-Enchilada-14oz.png","contentUrl":"https:\/\/abuelitocheese.com\/wp-content\/uploads\/2024\/03\/Carne-Enchilada-14oz.png"},{"@type":"BreadcrumbList","@id":"https:\/\/abuelitocheese.com\/en\/productos\/carne-enchilada-seasoned-pork\/#breadcrumb","itemListElement":[{"@type":"ListItem","position":1,"name":"Portada","item":"https:\/\/abuelitocheese.com\/"},{"@type":"ListItem","position":2,"name":"Productos","item":"https:\/\/abuelitocheese.com\/productos\/"},{"@type":"ListItem","position":3,"name":"Carne Enchilada\/Seasoned Pork El Abuelito"}]},{"@type":"WebSite","@id":"http:\/\/abuelitocheese.com\/#website","url":"http:\/\/abuelitocheese.com\/","name":"El Abuelito Cheese","description":"","publisher":{"@id":"http:\/\/abuelitocheese.com\/#organization"},"potentialAction":[{"@type":"SearchAction","target":{"@type":"EntryPoint","urlTemplate":"http:\/\/abuelitocheese.com\/?s={search_term_string}"},"query-input":{"@type":"PropertyValueSpecification","valueRequired":true,"valueName":"search_term_string"}}],"inLanguage":"en-US"},{"@type":"Organization","@id":"http:\/\/abuelitocheese.com\/#organization","name":"El Abuelito Cheese","url":"http:\/\/abuelitocheese.com\/","logo":{"@type":"ImageObject","inLanguage":"en-US","@id":"http:\/\/abuelitocheese.com\/#\/schema\/logo\/image\/","url":"https:\/\/abuelitocheese.com\/wp-content\/uploads\/2024\/01\/abuelito-logo.png","contentUrl":"https:\/\/abuelitocheese.com\/wp-content\/uploads\/2024\/01\/abuelito-logo.png","width":618,"height":244,"caption":"El Abuelito Cheese"},"image":{"@id":"http:\/\/abuelitocheese.com\/#\/schema\/logo\/image\/"}}]}},"_links":{"self":[{"href":"https:\/\/abuelitocheese.com\/en\/wp-json\/wp\/v2\/product\/6043","targetHints":{"allow":["GET"]}}],"collection":[{"href":"https:\/\/abuelitocheese.com\/en\/wp-json\/wp\/v2\/product"}],"about":[{"href":"https:\/\/abuelitocheese.com\/en\/wp-json\/wp\/v2\/types\/product"}],"version-history":[{"count":5,"href":"https:\/\/abuelitocheese.com\/en\/wp-json\/wp\/v2\/product\/6043\/revisions"}],"predecessor-version":[{"id":8282,"href":"https:\/\/abuelitocheese.com\/en\/wp-json\/wp\/v2\/product\/6043\/revisions\/8282"}],"wp:featuredmedia":[{"embeddable":true,"href":"https:\/\/abuelitocheese.com\/en\/wp-json\/wp\/v2\/media\/8144"}],"wp:attachment":[{"href":"https:\/\/abuelitocheese.com\/en\/wp-json\/wp\/v2\/media?parent=6043"}],"wp:term":[{"taxonomy":"product_brand","embeddable":true,"href":"https:\/\/abuelitocheese.com\/en\/wp-json\/wp\/v2\/product_brand?post=6043"},{"taxonomy":"product_cat","embeddable":true,"href":"https:\/\/abuelitocheese.com\/en\/wp-json\/wp\/v2\/product_cat?post=6043"},{"taxonomy":"product_tag","embeddable":true,"href":"https:\/\/abuelitocheese.com\/en\/wp-json\/wp\/v2\/product_tag?post=6043"}],"curies":[{"name":"wp","href":"https:\/\/api.w.org\/{rel}","templated":true}]}}