

{"id":8307,"date":"2025-07-07T17:19:18","date_gmt":"2025-07-07T21:19:18","guid":{"rendered":"https:\/\/abuelitocheese.com\/?post_type=product&#038;p=8307"},"modified":"2025-07-07T17:22:15","modified_gmt":"2025-07-07T21:22:15","slug":"chicharron-plain","status":"publish","type":"product","link":"http:\/\/abuelitocheese.com\/en\/productos\/chicharron-plain\/","title":{"rendered":"Chicharr\u00f3n Plain"},"content":{"rendered":"<p>Es el snack perfecto para quienes disfrutan del sabor tradicional del chicharr\u00f3n. Es ligero, salado y perfecto para acompa\u00f1ar con un guacamole.<\/p>","protected":false},"excerpt":{"rendered":"<p>Es el snack perfecto para quienes disfrutan del sabor tradicional del chicharr\u00f3n. Es ligero, salado y perfecto para acompa\u00f1ar con un guacamole.<\/p>","protected":false},"featured_media":8302,"template":"","meta":{"_acf_changed":false,"site-sidebar-layout":"default","site-content-layout":"","ast-site-content-layout":"default","site-content-style":"default","site-sidebar-style":"default","ast-global-header-display":"","ast-banner-title-visibility":"","ast-main-header-display":"","ast-hfb-above-header-display":"","ast-hfb-below-header-display":"","ast-hfb-mobile-header-display":"","site-post-title":"","ast-breadcrumbs-content":"","ast-featured-img":"","footer-sml-layout":"","theme-transparent-header-meta":"default","adv-header-id-meta":"","stick-header-meta":"","header-above-stick-meta":"","header-main-stick-meta":"","header-below-stick-meta":"","astra-migrate-meta-layouts":"set","ast-page-background-enabled":"default","ast-page-background-meta":{"desktop":{"background-color":"","background-image":"","background-repeat":"repeat","background-position":"center center","background-size":"auto","background-attachment":"scroll","background-type":"","background-media":"","overlay-type":"","overlay-color":"","overlay-opacity":"","overlay-gradient":""},"tablet":{"background-color":"","background-image":"","background-repeat":"repeat","background-position":"center center","background-size":"auto","background-attachment":"scroll","background-type":"","background-media":"","overlay-type":"","overlay-color":"","overlay-opacity":"","overlay-gradient":""},"mobile":{"background-color":"","background-image":"","background-repeat":"repeat","background-position":"center center","background-size":"auto","background-attachment":"scroll","background-type":"","background-media":"","overlay-type":"","overlay-color":"","overlay-opacity":"","overlay-gradient":""}},"ast-content-background-meta":{"desktop":{"background-color":"var(--ast-global-color-5)","background-image":"","background-repeat":"repeat","background-position":"center center","background-size":"auto","background-attachment":"scroll","background-type":"","background-media":"","overlay-type":"","overlay-color":"","overlay-opacity":"","overlay-gradient":""},"tablet":{"background-color":"var(--ast-global-color-5)","background-image":"","background-repeat":"repeat","background-position":"center center","background-size":"auto","background-attachment":"scroll","background-type":"","background-media":"","overlay-type":"","overlay-color":"","overlay-opacity":"","overlay-gradient":""},"mobile":{"background-color":"var(--ast-global-color-5)","background-image":"","background-repeat":"repeat","background-position":"center center","background-size":"auto","background-attachment":"scroll","background-type":"","background-media":"","overlay-type":"","overlay-color":"","overlay-opacity":"","overlay-gradient":""}}},"product_brand":[],"product_cat":[58],"product_tag":[],"class_list":{"0":"post-8307","1":"product","2":"type-product","3":"status-publish","4":"has-post-thumbnail","6":"product_cat-chicharron","7":"desktop-align-center","8":"tablet-align-center","9":"mobile-align-center","11":"first","12":"instock","13":"shipping-taxable","14":"purchasable","15":"product-type-variable","16":"wvs-archive-product-wrapper"},"acf":[],"yoast_head":"<!-- This site is optimized with the Yoast SEO plugin v27.3 - https:\/\/yoast.com\/product\/yoast-seo-wordpress\/ -->\n<title>Chicharr\u00f3n Plain - El Abuelito Cheese<\/title>\n<meta name=\"robots\" content=\"index, follow, max-snippet:-1, max-image-preview:large, max-video-preview:-1\" \/>\n<link rel=\"canonical\" href=\"http:\/\/abuelitocheese.com\/en\/productos\/chicharron-plain\/\" \/>\n<meta property=\"og:locale\" content=\"en_US\" \/>\n<meta property=\"og:type\" content=\"article\" \/>\n<meta property=\"og:title\" content=\"Chicharr\u00f3n Plain - El Abuelito Cheese\" \/>\n<meta property=\"og:description\" content=\"Es el snack perfecto para quienes disfrutan del sabor tradicional del chicharr\u00f3n. Es ligero, salado y perfecto para acompa\u00f1ar con un guacamole.\" \/>\n<meta property=\"og:url\" content=\"http:\/\/abuelitocheese.com\/en\/productos\/chicharron-plain\/\" \/>\n<meta property=\"og:site_name\" content=\"El Abuelito Cheese\" \/>\n<meta property=\"article:modified_time\" content=\"2025-07-07T21:22:15+00:00\" \/>\n<meta property=\"og:image\" content=\"http:\/\/abuelitocheese.com\/wp-content\/uploads\/2025\/07\/chicharrones-con-grasa.png\" \/>\n\t<meta property=\"og:image:width\" content=\"1080\" \/>\n\t<meta property=\"og:image:height\" content=\"1080\" \/>\n\t<meta property=\"og:image:type\" content=\"image\/png\" \/>\n<meta name=\"twitter:card\" content=\"summary_large_image\" \/>\n<meta name=\"twitter:label1\" content=\"Est. reading time\" \/>\n\t<meta name=\"twitter:data1\" content=\"1 minute\" \/>\n<script type=\"application\/ld+json\" class=\"yoast-schema-graph\">{\"@context\":\"https:\\\/\\\/schema.org\",\"@graph\":[{\"@type\":\"WebPage\",\"@id\":\"http:\\\/\\\/abuelitocheese.com\\\/en\\\/productos\\\/chicharron-plain\\\/\",\"url\":\"http:\\\/\\\/abuelitocheese.com\\\/en\\\/productos\\\/chicharron-plain\\\/\",\"name\":\"Chicharr\u00f3n Plain - El Abuelito Cheese\",\"isPartOf\":{\"@id\":\"http:\\\/\\\/abuelitocheese.com\\\/#website\"},\"primaryImageOfPage\":{\"@id\":\"http:\\\/\\\/abuelitocheese.com\\\/en\\\/productos\\\/chicharron-plain\\\/#primaryimage\"},\"image\":{\"@id\":\"http:\\\/\\\/abuelitocheese.com\\\/en\\\/productos\\\/chicharron-plain\\\/#primaryimage\"},\"thumbnailUrl\":\"http:\\\/\\\/abuelitocheese.com\\\/wp-content\\\/uploads\\\/2025\\\/07\\\/chicharrones-con-grasa.png\",\"datePublished\":\"2025-07-07T21:19:18+00:00\",\"dateModified\":\"2025-07-07T21:22:15+00:00\",\"breadcrumb\":{\"@id\":\"http:\\\/\\\/abuelitocheese.com\\\/en\\\/productos\\\/chicharron-plain\\\/#breadcrumb\"},\"inLanguage\":\"en-US\",\"potentialAction\":[{\"@type\":\"ReadAction\",\"target\":[\"http:\\\/\\\/abuelitocheese.com\\\/en\\\/productos\\\/chicharron-plain\\\/\"]}]},{\"@type\":\"ImageObject\",\"inLanguage\":\"en-US\",\"@id\":\"http:\\\/\\\/abuelitocheese.com\\\/en\\\/productos\\\/chicharron-plain\\\/#primaryimage\",\"url\":\"http:\\\/\\\/abuelitocheese.com\\\/wp-content\\\/uploads\\\/2025\\\/07\\\/chicharrones-con-grasa.png\",\"contentUrl\":\"http:\\\/\\\/abuelitocheese.com\\\/wp-content\\\/uploads\\\/2025\\\/07\\\/chicharrones-con-grasa.png\",\"width\":1080,\"height\":1080},{\"@type\":\"BreadcrumbList\",\"@id\":\"http:\\\/\\\/abuelitocheese.com\\\/en\\\/productos\\\/chicharron-plain\\\/#breadcrumb\",\"itemListElement\":[{\"@type\":\"ListItem\",\"position\":1,\"name\":\"Portada\",\"item\":\"https:\\\/\\\/abuelitocheese.com\\\/\"},{\"@type\":\"ListItem\",\"position\":2,\"name\":\"Productos\",\"item\":\"https:\\\/\\\/abuelitocheese.com\\\/en\\\/productos\\\/\"},{\"@type\":\"ListItem\",\"position\":3,\"name\":\"Chicharr\u00f3n Plain\"}]},{\"@type\":\"WebSite\",\"@id\":\"http:\\\/\\\/abuelitocheese.com\\\/#website\",\"url\":\"http:\\\/\\\/abuelitocheese.com\\\/\",\"name\":\"El Abuelito Cheese\",\"description\":\"\",\"publisher\":{\"@id\":\"http:\\\/\\\/abuelitocheese.com\\\/#organization\"},\"potentialAction\":[{\"@type\":\"SearchAction\",\"target\":{\"@type\":\"EntryPoint\",\"urlTemplate\":\"http:\\\/\\\/abuelitocheese.com\\\/?s={search_term_string}\"},\"query-input\":{\"@type\":\"PropertyValueSpecification\",\"valueRequired\":true,\"valueName\":\"search_term_string\"}}],\"inLanguage\":\"en-US\"},{\"@type\":\"Organization\",\"@id\":\"http:\\\/\\\/abuelitocheese.com\\\/#organization\",\"name\":\"El Abuelito Cheese\",\"url\":\"http:\\\/\\\/abuelitocheese.com\\\/\",\"logo\":{\"@type\":\"ImageObject\",\"inLanguage\":\"en-US\",\"@id\":\"http:\\\/\\\/abuelitocheese.com\\\/#\\\/schema\\\/logo\\\/image\\\/\",\"url\":\"http:\\\/\\\/abuelitocheese.com\\\/wp-content\\\/uploads\\\/2024\\\/01\\\/abuelito-logo.png\",\"contentUrl\":\"http:\\\/\\\/abuelitocheese.com\\\/wp-content\\\/uploads\\\/2024\\\/01\\\/abuelito-logo.png\",\"width\":618,\"height\":244,\"caption\":\"El Abuelito Cheese\"},\"image\":{\"@id\":\"http:\\\/\\\/abuelitocheese.com\\\/#\\\/schema\\\/logo\\\/image\\\/\"}}]}<\/script>\n<!-- \/ Yoast SEO plugin. -->","yoast_head_json":{"title":"Chicharr\u00f3n Plain - El Abuelito Cheese","robots":{"index":"index","follow":"follow","max-snippet":"max-snippet:-1","max-image-preview":"max-image-preview:large","max-video-preview":"max-video-preview:-1"},"canonical":"http:\/\/abuelitocheese.com\/en\/productos\/chicharron-plain\/","og_locale":"en_US","og_type":"article","og_title":"Chicharr\u00f3n Plain - El Abuelito Cheese","og_description":"Es el snack perfecto para quienes disfrutan del sabor tradicional del chicharr\u00f3n. Es ligero, salado y perfecto para acompa\u00f1ar con un guacamole.","og_url":"http:\/\/abuelitocheese.com\/en\/productos\/chicharron-plain\/","og_site_name":"El Abuelito Cheese","article_modified_time":"2025-07-07T21:22:15+00:00","og_image":[{"width":1080,"height":1080,"url":"http:\/\/abuelitocheese.com\/wp-content\/uploads\/2025\/07\/chicharrones-con-grasa.png","type":"image\/png"}],"twitter_card":"summary_large_image","twitter_misc":{"Est. reading time":"1 minute"},"schema":{"@context":"https:\/\/schema.org","@graph":[{"@type":"WebPage","@id":"http:\/\/abuelitocheese.com\/en\/productos\/chicharron-plain\/","url":"http:\/\/abuelitocheese.com\/en\/productos\/chicharron-plain\/","name":"Chicharr\u00f3n Plain - El Abuelito Cheese","isPartOf":{"@id":"http:\/\/abuelitocheese.com\/#website"},"primaryImageOfPage":{"@id":"http:\/\/abuelitocheese.com\/en\/productos\/chicharron-plain\/#primaryimage"},"image":{"@id":"http:\/\/abuelitocheese.com\/en\/productos\/chicharron-plain\/#primaryimage"},"thumbnailUrl":"http:\/\/abuelitocheese.com\/wp-content\/uploads\/2025\/07\/chicharrones-con-grasa.png","datePublished":"2025-07-07T21:19:18+00:00","dateModified":"2025-07-07T21:22:15+00:00","breadcrumb":{"@id":"http:\/\/abuelitocheese.com\/en\/productos\/chicharron-plain\/#breadcrumb"},"inLanguage":"en-US","potentialAction":[{"@type":"ReadAction","target":["http:\/\/abuelitocheese.com\/en\/productos\/chicharron-plain\/"]}]},{"@type":"ImageObject","inLanguage":"en-US","@id":"http:\/\/abuelitocheese.com\/en\/productos\/chicharron-plain\/#primaryimage","url":"http:\/\/abuelitocheese.com\/wp-content\/uploads\/2025\/07\/chicharrones-con-grasa.png","contentUrl":"http:\/\/abuelitocheese.com\/wp-content\/uploads\/2025\/07\/chicharrones-con-grasa.png","width":1080,"height":1080},{"@type":"BreadcrumbList","@id":"http:\/\/abuelitocheese.com\/en\/productos\/chicharron-plain\/#breadcrumb","itemListElement":[{"@type":"ListItem","position":1,"name":"Portada","item":"https:\/\/abuelitocheese.com\/"},{"@type":"ListItem","position":2,"name":"Productos","item":"https:\/\/abuelitocheese.com\/en\/productos\/"},{"@type":"ListItem","position":3,"name":"Chicharr\u00f3n Plain"}]},{"@type":"WebSite","@id":"http:\/\/abuelitocheese.com\/#website","url":"http:\/\/abuelitocheese.com\/","name":"El Abuelito Cheese","description":"","publisher":{"@id":"http:\/\/abuelitocheese.com\/#organization"},"potentialAction":[{"@type":"SearchAction","target":{"@type":"EntryPoint","urlTemplate":"http:\/\/abuelitocheese.com\/?s={search_term_string}"},"query-input":{"@type":"PropertyValueSpecification","valueRequired":true,"valueName":"search_term_string"}}],"inLanguage":"en-US"},{"@type":"Organization","@id":"http:\/\/abuelitocheese.com\/#organization","name":"El Abuelito Cheese","url":"http:\/\/abuelitocheese.com\/","logo":{"@type":"ImageObject","inLanguage":"en-US","@id":"http:\/\/abuelitocheese.com\/#\/schema\/logo\/image\/","url":"http:\/\/abuelitocheese.com\/wp-content\/uploads\/2024\/01\/abuelito-logo.png","contentUrl":"http:\/\/abuelitocheese.com\/wp-content\/uploads\/2024\/01\/abuelito-logo.png","width":618,"height":244,"caption":"El Abuelito Cheese"},"image":{"@id":"http:\/\/abuelitocheese.com\/#\/schema\/logo\/image\/"}}]}},"_links":{"self":[{"href":"http:\/\/abuelitocheese.com\/en\/wp-json\/wp\/v2\/product\/8307","targetHints":{"allow":["GET"]}}],"collection":[{"href":"http:\/\/abuelitocheese.com\/en\/wp-json\/wp\/v2\/product"}],"about":[{"href":"http:\/\/abuelitocheese.com\/en\/wp-json\/wp\/v2\/types\/product"}],"version-history":[{"count":1,"href":"http:\/\/abuelitocheese.com\/en\/wp-json\/wp\/v2\/product\/8307\/revisions"}],"predecessor-version":[{"id":8309,"href":"http:\/\/abuelitocheese.com\/en\/wp-json\/wp\/v2\/product\/8307\/revisions\/8309"}],"wp:featuredmedia":[{"embeddable":true,"href":"http:\/\/abuelitocheese.com\/en\/wp-json\/wp\/v2\/media\/8302"}],"wp:attachment":[{"href":"http:\/\/abuelitocheese.com\/en\/wp-json\/wp\/v2\/media?parent=8307"}],"wp:term":[{"taxonomy":"product_brand","embeddable":true,"href":"http:\/\/abuelitocheese.com\/en\/wp-json\/wp\/v2\/product_brand?post=8307"},{"taxonomy":"product_cat","embeddable":true,"href":"http:\/\/abuelitocheese.com\/en\/wp-json\/wp\/v2\/product_cat?post=8307"},{"taxonomy":"product_tag","embeddable":true,"href":"http:\/\/abuelitocheese.com\/en\/wp-json\/wp\/v2\/product_tag?post=8307"}],"curies":[{"name":"wp","href":"https:\/\/api.w.org\/{rel}","templated":true}]}}