

{"id":6514,"date":"2024-03-26T18:57:51","date_gmt":"2024-03-26T18:57:51","guid":{"rendered":"https:\/\/abuelitocheese.com\/?page_id=6514"},"modified":"2024-08-19T22:39:40","modified_gmt":"2024-08-20T02:39:40","slug":"historia","status":"publish","type":"page","link":"http:\/\/abuelitocheese.com\/en\/historia\/","title":{"rendered":"Historia"},"content":{"rendered":"<div data-elementor-type=\"wp-page\" data-elementor-id=\"6514\" class=\"elementor elementor-6514\" data-elementor-post-type=\"page\">\n\t\t\t\t<div class=\"elementor-element elementor-element-2e3d4b3f e-con-full e-flex e-con e-parent\" data-id=\"2e3d4b3f\" data-element_type=\"container\" data-settings=\"{&quot;background_background&quot;:&quot;classic&quot;}\">\n\t\t<div class=\"elementor-element elementor-element-b1c13de e-flex e-con-boxed e-con e-child\" data-id=\"b1c13de\" data-element_type=\"container\">\n\t\t\t\t\t<div class=\"e-con-inner\">\n\t\t\t\t<div class=\"elementor-element elementor-element-1ac2f13e elementor-widget__width-initial elementor-widget-mobile__width-inherit elementor-widget elementor-widget-image-box\" data-id=\"1ac2f13e\" data-element_type=\"widget\" data-widget_type=\"image-box.default\">\n\t\t\t\t<div class=\"elementor-widget-container\">\n\t\t\t\t\t<div class=\"elementor-image-box-wrapper\"><div class=\"elementor-image-box-content\"><h3 class=\"elementor-image-box-title\">Our History<\/h3><p class=\"elementor-image-box-description\">Hello, my dear grandchildren! Let me tell you a story, the story of how our Abuelito Cheese began. It was a sunny May 15th, 1997, when this grandpa, Miguel Torres, a man from Puebla with a big heart and even bigger dreams, decided to share a piece of Mexico with you. That\u2019s how Abuelito Cheese, Inc. was born, a small but charming company dedicated to creating the most delicious Mexican-style cheeses.<\/p><\/div><\/div>\t\t\t\t<\/div>\n\t\t\t\t<\/div>\n\t\t\t\t\t<\/div>\n\t\t\t\t<\/div>\n\t\t<div class=\"elementor-element elementor-element-9c713ce e-con-full e-flex e-con e-child\" data-id=\"9c713ce\" data-element_type=\"container\">\n\t\t\t\t<div class=\"elementor-element elementor-element-16d3908f elementor-cta--layout-image-above elementor-widget__width-initial elementor-widget-tablet__width-initial elementor-widget-mobile__width-inherit elementor-cta--skin-classic elementor-animated-content elementor-bg-transform elementor-bg-transform-zoom-in elementor-widget elementor-widget-call-to-action\" data-id=\"16d3908f\" data-element_type=\"widget\" data-widget_type=\"call-to-action.default\">\n\t\t\t\t<div class=\"elementor-widget-container\">\n\t\t\t\t\t\t\t<div class=\"elementor-cta\">\n\t\t\t\t\t<div class=\"elementor-cta__bg-wrapper\">\n\t\t\t\t<div class=\"elementor-cta__bg elementor-bg\" style=\"background-image: url(http:\/\/abuelitocheese.com\/wp-content\/uploads\/2024\/03\/abuelito-cheese-historia-1024x720.jpg);\" role=\"img\" aria-label=\"abuelito-cheese-historia\"><\/div>\n\t\t\t\t<div class=\"elementor-cta__bg-overlay\"><\/div>\n\t\t\t<\/div>\n\t\t\t\t\t\t\t<div class=\"elementor-cta__content\">\n\t\t\t\t\n\t\t\t\t\t\t\t\t\t<h2 class=\"elementor-cta__title elementor-cta__content-item elementor-content-item\">\n\t\t\t\t\t\tOur First Location\t\t\t\t\t<\/h2>\n\t\t\t\t\n\t\t\t\t\t\t\t\t\t<div class=\"elementor-cta__description elementor-cta__content-item elementor-content-item\">\n\t\t\t\t\t\tIn those early days, in a humble shop in Passaic, New Jersey, I, your grandpa, started making about 300 pounds of cheese each week. Imagine that, with my own hands and a lot of love! But thanks to your affection and support, my grandchildren, my little dream began to grow. Soon, we moved to a larger place in Paterson, New Jersey, where we still create all those delights you love so much.\t\t\t\t\t<\/div>\n\t\t\t\t\n\t\t\t\t\t\t\t<\/div>\n\t\t\t\t\t\t<\/div>\n\t\t\t\t\t\t<\/div>\n\t\t\t\t<\/div>\n\t\t\t\t<div class=\"elementor-element elementor-element-2ba54f30 elementor-cta--layout-image-above elementor-widget__width-initial elementor-widget-tablet__width-initial elementor-widget-mobile__width-inherit elementor-cta--skin-classic elementor-animated-content elementor-bg-transform elementor-bg-transform-zoom-in elementor-widget elementor-widget-call-to-action\" data-id=\"2ba54f30\" data-element_type=\"widget\" data-widget_type=\"call-to-action.default\">\n\t\t\t\t<div class=\"elementor-widget-container\">\n\t\t\t\t\t\t\t<div class=\"elementor-cta\">\n\t\t\t\t\t<div class=\"elementor-cta__bg-wrapper\">\n\t\t\t\t<div class=\"elementor-cta__bg elementor-bg\" style=\"background-image: url(http:\/\/abuelitocheese.com\/wp-content\/uploads\/2024\/03\/abuelito-cheese-historia2-1024x715.jpg);\" role=\"img\" aria-label=\"abuelito-cheese-historia2\"><\/div>\n\t\t\t\t<div class=\"elementor-cta__bg-overlay\"><\/div>\n\t\t\t<\/div>\n\t\t\t\t\t\t\t<div class=\"elementor-cta__content\">\n\t\t\t\t\n\t\t\t\t\t\t\t\t\t<h2 class=\"elementor-cta__title elementor-cta__content-item elementor-content-item\">\n\t\t\t\t\t\tThe Authentic Mexican Flavor\t\t\t\t\t<\/h2>\n\t\t\t\t\n\t\t\t\t\t\t\t\t\t<div class=\"elementor-cta__description elementor-cta__content-item elementor-content-item\">\n\t\t\t\t\t\tFrom the very beginning, my purpose has been clear: to offer you, my grandchildren, fresh products of the highest quality, with that unmistakable and authentic Mexican flavor. And that\u2019s what I do every day, ensuring that you receive the best from me: fresh cheeses like Queso Fresco, Reques\u00f3n, the delicious Quesillo Oaxaca, Queso Cotija, the rich Crema Mexicana, and of course, meats like Carne Enchilada, Cecina, pork and beef Bistek, Chorizo, and Longaniza Mexicana.\t\t\t\t\t<\/div>\n\t\t\t\t\n\t\t\t\t\t\t\t<\/div>\n\t\t\t\t\t\t<\/div>\n\t\t\t\t\t\t<\/div>\n\t\t\t\t<\/div>\n\t\t\t\t<div class=\"elementor-element elementor-element-17b72cfb elementor-cta--layout-image-above elementor-widget__width-initial elementor-widget-tablet__width-initial elementor-widget-mobile__width-inherit elementor-cta--skin-classic elementor-animated-content elementor-bg-transform elementor-bg-transform-zoom-in elementor-widget elementor-widget-call-to-action\" data-id=\"17b72cfb\" data-element_type=\"widget\" data-widget_type=\"call-to-action.default\">\n\t\t\t\t<div class=\"elementor-widget-container\">\n\t\t\t\t\t\t\t<div class=\"elementor-cta\">\n\t\t\t\t\t<div class=\"elementor-cta__bg-wrapper\">\n\t\t\t\t<div class=\"elementor-cta__bg elementor-bg\" style=\"background-image: url(http:\/\/abuelitocheese.com\/wp-content\/uploads\/2024\/03\/abuelito-cheese-historia3-1024x716.jpg);\" role=\"img\" aria-label=\"abuelito-cheese-historia3\"><\/div>\n\t\t\t\t<div class=\"elementor-cta__bg-overlay\"><\/div>\n\t\t\t<\/div>\n\t\t\t\t\t\t\t<div class=\"elementor-cta__content\">\n\t\t\t\t\n\t\t\t\t\t\t\t\t\t<h2 class=\"elementor-cta__title elementor-cta__content-item elementor-content-item\">\n\t\t\t\t\t\tOur Distinctive Quality\t\t\t\t\t<\/h2>\n\t\t\t\t\n\t\t\t\t\t\t\t\t\t<div class=\"elementor-cta__description elementor-cta__content-item elementor-content-item\">\n\t\t\t\t\t\tMy products, made with love, travel directly from our factory to your tables, covering the entire area of New Jersey, Connecticut, Pennsylvania, and beyond. I always think of you, my grandchildren, in every cheese we make, in every meat we season. Because at Abuelito Cheese, we don\u2019t just make food; we weave memories and unite families with every flavor.\t\t\t\t\t<\/div>\n\t\t\t\t\n\t\t\t\t\t\t\t<\/div>\n\t\t\t\t\t\t<\/div>\n\t\t\t\t\t\t<\/div>\n\t\t\t\t<\/div>\n\t\t\t\t<\/div>\n\t\t\t\t<\/div>\n\t\t<div class=\"elementor-element elementor-element-1771aa3 e-flex e-con-boxed e-con e-parent\" data-id=\"1771aa3\" data-element_type=\"container\" data-settings=\"{&quot;background_background&quot;:&quot;classic&quot;}\">\n\t\t\t\t\t<div class=\"e-con-inner\">\n\t\t\t\t<div class=\"elementor-element elementor-element-7c9510b elementor-widget elementor-widget-heading\" data-id=\"7c9510b\" data-element_type=\"widget\" data-widget_type=\"heading.default\">\n\t\t\t\t<div class=\"elementor-widget-container\">\n\t\t\t\t\t<h2 class=\"elementor-heading-title elementor-size-default\">Thank You for Being Part of This Amazing Family!<\/h2>\t\t\t\t<\/div>\n\t\t\t\t<\/div>\n\t\t\t\t<div class=\"elementor-element elementor-element-5ce2d27 elementor-widget elementor-widget-text-editor\" data-id=\"5ce2d27\" data-element_type=\"widget\" data-widget_type=\"text-editor.default\">\n\t\t\t\t<div class=\"elementor-widget-container\">\n\t\t\t\t\t\t\t\t\t<p>\u00a0And remember, every bite you take of our products is a hug from your Abuelito, filled with love and Mexican flavor.<\/p>\t\t\t\t\t\t\t\t<\/div>\n\t\t\t\t<\/div>\n\t\t\t\t\t<\/div>\n\t\t\t\t<\/div>\n\t\t\t\t<\/div>","protected":false},"excerpt":{"rendered":"<p>Nuestra historia \u00a1Hola, mis queridos nietos! D\u00e9jenme contarles una historia, la historia de c\u00f3mo comenz\u00f3 nuestro Abuelito Cheese. Era un soleado 15 de mayo de 1997 cuando este abuelito, Miguel Torres, un poblano de coraz\u00f3n grande y sue\u00f1os a\u00fan m\u00e1s grandes, decidi\u00f3 compartir un pedazo de M\u00e9xico con ustedes. As\u00ed naci\u00f3 Abuelito Cheese, Inc., una [&hellip;]<\/p>\n","protected":false},"author":1,"featured_media":0,"parent":0,"menu_order":0,"comment_status":"closed","ping_status":"closed","template":"","meta":{"_acf_changed":false,"site-sidebar-layout":"no-sidebar","site-content-layout":"page-builder","ast-site-content-layout":"full-width-container","site-content-style":"default","site-sidebar-style":"default","ast-global-header-display":"","ast-banner-title-visibility":"","ast-main-header-display":"","ast-hfb-above-header-display":"","ast-hfb-below-header-display":"","ast-hfb-mobile-header-display":"","site-post-title":"disabled","ast-breadcrumbs-content":"","ast-featured-img":"disabled","footer-sml-layout":"","theme-transparent-header-meta":"","adv-header-id-meta":"","stick-header-meta":"","header-above-stick-meta":"","header-main-stick-meta":"","header-below-stick-meta":"","astra-migrate-meta-layouts":"set","ast-page-background-enabled":"default","ast-page-background-meta":{"desktop":{"background-color":"","background-image":"","background-repeat":"repeat","background-position":"center center","background-size":"auto","background-attachment":"scroll","background-type":"","background-media":"","overlay-type":"","overlay-color":"","overlay-opacity":"","overlay-gradient":""},"tablet":{"background-color":"","background-image":"","background-repeat":"repeat","background-position":"center center","background-size":"auto","background-attachment":"scroll","background-type":"","background-media":"","overlay-type":"","overlay-color":"","overlay-opacity":"","overlay-gradient":""},"mobile":{"background-color":"","background-image":"","background-repeat":"repeat","background-position":"center center","background-size":"auto","background-attachment":"scroll","background-type":"","background-media":"","overlay-type":"","overlay-color":"","overlay-opacity":"","overlay-gradient":""}},"ast-content-background-meta":{"desktop":{"background-color":"var(--ast-global-color-5)","background-image":"","background-repeat":"repeat","background-position":"center center","background-size":"auto","background-attachment":"scroll","background-type":"","background-media":"","overlay-type":"","overlay-color":"","overlay-opacity":"","overlay-gradient":""},"tablet":{"background-color":"var(--ast-global-color-5)","background-image":"","background-repeat":"repeat","background-position":"center center","background-size":"auto","background-attachment":"scroll","background-type":"","background-media":"","overlay-type":"","overlay-color":"","overlay-opacity":"","overlay-gradient":""},"mobile":{"background-color":"var(--ast-global-color-5)","background-image":"","background-repeat":"repeat","background-position":"center center","background-size":"auto","background-attachment":"scroll","background-type":"","background-media":"","overlay-type":"","overlay-color":"","overlay-opacity":"","overlay-gradient":""}},"footnotes":""},"class_list":["post-6514","page","type-page","status-publish","hentry"],"acf":[],"yoast_head":"<!-- This site is optimized with the Yoast SEO plugin v27.4 - https:\/\/yoast.com\/product\/yoast-seo-wordpress\/ -->\n<title>Historia - El Abuelito Cheese<\/title>\n<meta name=\"robots\" content=\"index, follow, max-snippet:-1, max-image-preview:large, max-video-preview:-1\" \/>\n<link rel=\"canonical\" href=\"http:\/\/abuelitocheese.com\/en\/historia\/\" \/>\n<meta property=\"og:locale\" content=\"en_US\" \/>\n<meta property=\"og:type\" content=\"article\" \/>\n<meta property=\"og:title\" content=\"Historia - El Abuelito Cheese\" \/>\n<meta property=\"og:description\" content=\"Nuestra historia \u00a1Hola, mis queridos nietos! D\u00e9jenme contarles una historia, la historia de c\u00f3mo comenz\u00f3 nuestro Abuelito Cheese. Era un soleado 15 de mayo de 1997 cuando este abuelito, Miguel Torres, un poblano de coraz\u00f3n grande y sue\u00f1os a\u00fan m\u00e1s grandes, decidi\u00f3 compartir un pedazo de M\u00e9xico con ustedes. As\u00ed naci\u00f3 Abuelito Cheese, Inc., una [&hellip;]\" \/>\n<meta property=\"og:url\" content=\"http:\/\/abuelitocheese.com\/en\/historia\/\" \/>\n<meta property=\"og:site_name\" content=\"El Abuelito Cheese\" \/>\n<meta property=\"article:modified_time\" content=\"2024-08-20T02:39:40+00:00\" \/>\n<meta name=\"twitter:card\" content=\"summary_large_image\" \/>\n<meta name=\"twitter:label1\" content=\"Est. reading time\" \/>\n\t<meta name=\"twitter:data1\" content=\"2 minutes\" \/>\n<script type=\"application\/ld+json\" class=\"yoast-schema-graph\">{\"@context\":\"https:\\\/\\\/schema.org\",\"@graph\":[{\"@type\":\"WebPage\",\"@id\":\"http:\\\/\\\/abuelitocheese.com\\\/historia\\\/\",\"url\":\"http:\\\/\\\/abuelitocheese.com\\\/historia\\\/\",\"name\":\"Historia - El Abuelito Cheese\",\"isPartOf\":{\"@id\":\"http:\\\/\\\/abuelitocheese.com\\\/#website\"},\"datePublished\":\"2024-03-26T18:57:51+00:00\",\"dateModified\":\"2024-08-20T02:39:40+00:00\",\"breadcrumb\":{\"@id\":\"http:\\\/\\\/abuelitocheese.com\\\/historia\\\/#breadcrumb\"},\"inLanguage\":\"en-US\",\"potentialAction\":[{\"@type\":\"ReadAction\",\"target\":[\"http:\\\/\\\/abuelitocheese.com\\\/historia\\\/\"]}]},{\"@type\":\"BreadcrumbList\",\"@id\":\"http:\\\/\\\/abuelitocheese.com\\\/historia\\\/#breadcrumb\",\"itemListElement\":[{\"@type\":\"ListItem\",\"position\":1,\"name\":\"Portada\",\"item\":\"https:\\\/\\\/abuelitocheese.com\\\/\"},{\"@type\":\"ListItem\",\"position\":2,\"name\":\"Historia\"}]},{\"@type\":\"WebSite\",\"@id\":\"http:\\\/\\\/abuelitocheese.com\\\/#website\",\"url\":\"http:\\\/\\\/abuelitocheese.com\\\/\",\"name\":\"El Abuelito Cheese\",\"description\":\"\",\"publisher\":{\"@id\":\"http:\\\/\\\/abuelitocheese.com\\\/#organization\"},\"potentialAction\":[{\"@type\":\"SearchAction\",\"target\":{\"@type\":\"EntryPoint\",\"urlTemplate\":\"http:\\\/\\\/abuelitocheese.com\\\/?s={search_term_string}\"},\"query-input\":{\"@type\":\"PropertyValueSpecification\",\"valueRequired\":true,\"valueName\":\"search_term_string\"}}],\"inLanguage\":\"en-US\"},{\"@type\":\"Organization\",\"@id\":\"http:\\\/\\\/abuelitocheese.com\\\/#organization\",\"name\":\"El Abuelito Cheese\",\"url\":\"http:\\\/\\\/abuelitocheese.com\\\/\",\"logo\":{\"@type\":\"ImageObject\",\"inLanguage\":\"en-US\",\"@id\":\"http:\\\/\\\/abuelitocheese.com\\\/#\\\/schema\\\/logo\\\/image\\\/\",\"url\":\"http:\\\/\\\/abuelitocheese.com\\\/wp-content\\\/uploads\\\/2024\\\/01\\\/abuelito-logo.png\",\"contentUrl\":\"http:\\\/\\\/abuelitocheese.com\\\/wp-content\\\/uploads\\\/2024\\\/01\\\/abuelito-logo.png\",\"width\":618,\"height\":244,\"caption\":\"El Abuelito Cheese\"},\"image\":{\"@id\":\"http:\\\/\\\/abuelitocheese.com\\\/#\\\/schema\\\/logo\\\/image\\\/\"}}]}<\/script>\n<!-- \/ Yoast SEO plugin. -->","yoast_head_json":{"title":"Historia - El Abuelito Cheese","robots":{"index":"index","follow":"follow","max-snippet":"max-snippet:-1","max-image-preview":"max-image-preview:large","max-video-preview":"max-video-preview:-1"},"canonical":"http:\/\/abuelitocheese.com\/en\/historia\/","og_locale":"en_US","og_type":"article","og_title":"Historia - El Abuelito Cheese","og_description":"Nuestra historia \u00a1Hola, mis queridos nietos! D\u00e9jenme contarles una historia, la historia de c\u00f3mo comenz\u00f3 nuestro Abuelito Cheese. Era un soleado 15 de mayo de 1997 cuando este abuelito, Miguel Torres, un poblano de coraz\u00f3n grande y sue\u00f1os a\u00fan m\u00e1s grandes, decidi\u00f3 compartir un pedazo de M\u00e9xico con ustedes. As\u00ed naci\u00f3 Abuelito Cheese, Inc., una [&hellip;]","og_url":"http:\/\/abuelitocheese.com\/en\/historia\/","og_site_name":"El Abuelito Cheese","article_modified_time":"2024-08-20T02:39:40+00:00","twitter_card":"summary_large_image","twitter_misc":{"Est. reading time":"2 minutes"},"schema":{"@context":"https:\/\/schema.org","@graph":[{"@type":"WebPage","@id":"http:\/\/abuelitocheese.com\/historia\/","url":"http:\/\/abuelitocheese.com\/historia\/","name":"Historia - El Abuelito Cheese","isPartOf":{"@id":"http:\/\/abuelitocheese.com\/#website"},"datePublished":"2024-03-26T18:57:51+00:00","dateModified":"2024-08-20T02:39:40+00:00","breadcrumb":{"@id":"http:\/\/abuelitocheese.com\/historia\/#breadcrumb"},"inLanguage":"en-US","potentialAction":[{"@type":"ReadAction","target":["http:\/\/abuelitocheese.com\/historia\/"]}]},{"@type":"BreadcrumbList","@id":"http:\/\/abuelitocheese.com\/historia\/#breadcrumb","itemListElement":[{"@type":"ListItem","position":1,"name":"Portada","item":"https:\/\/abuelitocheese.com\/"},{"@type":"ListItem","position":2,"name":"Historia"}]},{"@type":"WebSite","@id":"http:\/\/abuelitocheese.com\/#website","url":"http:\/\/abuelitocheese.com\/","name":"El Abuelito Cheese","description":"","publisher":{"@id":"http:\/\/abuelitocheese.com\/#organization"},"potentialAction":[{"@type":"SearchAction","target":{"@type":"EntryPoint","urlTemplate":"http:\/\/abuelitocheese.com\/?s={search_term_string}"},"query-input":{"@type":"PropertyValueSpecification","valueRequired":true,"valueName":"search_term_string"}}],"inLanguage":"en-US"},{"@type":"Organization","@id":"http:\/\/abuelitocheese.com\/#organization","name":"El Abuelito Cheese","url":"http:\/\/abuelitocheese.com\/","logo":{"@type":"ImageObject","inLanguage":"en-US","@id":"http:\/\/abuelitocheese.com\/#\/schema\/logo\/image\/","url":"http:\/\/abuelitocheese.com\/wp-content\/uploads\/2024\/01\/abuelito-logo.png","contentUrl":"http:\/\/abuelitocheese.com\/wp-content\/uploads\/2024\/01\/abuelito-logo.png","width":618,"height":244,"caption":"El Abuelito Cheese"},"image":{"@id":"http:\/\/abuelitocheese.com\/#\/schema\/logo\/image\/"}}]}},"_links":{"self":[{"href":"http:\/\/abuelitocheese.com\/en\/wp-json\/wp\/v2\/pages\/6514","targetHints":{"allow":["GET"]}}],"collection":[{"href":"http:\/\/abuelitocheese.com\/en\/wp-json\/wp\/v2\/pages"}],"about":[{"href":"http:\/\/abuelitocheese.com\/en\/wp-json\/wp\/v2\/types\/page"}],"author":[{"embeddable":true,"href":"http:\/\/abuelitocheese.com\/en\/wp-json\/wp\/v2\/users\/1"}],"replies":[{"embeddable":true,"href":"http:\/\/abuelitocheese.com\/en\/wp-json\/wp\/v2\/comments?post=6514"}],"version-history":[{"count":55,"href":"http:\/\/abuelitocheese.com\/en\/wp-json\/wp\/v2\/pages\/6514\/revisions"}],"predecessor-version":[{"id":7854,"href":"http:\/\/abuelitocheese.com\/en\/wp-json\/wp\/v2\/pages\/6514\/revisions\/7854"}],"wp:attachment":[{"href":"http:\/\/abuelitocheese.com\/en\/wp-json\/wp\/v2\/media?parent=6514"}],"curies":[{"name":"wp","href":"https:\/\/api.w.org\/{rel}","templated":true}]}}